{"id":986,"date":"2025-01-10T11:37:51","date_gmt":"2025-01-10T09:37:51","guid":{"rendered":"https:\/\/www.hotellimerikotka.fi\/?page_id=986"},"modified":"2025-06-16T16:21:02","modified_gmt":"2025-06-16T14:21:02","slug":"varausehdot","status":"publish","type":"page","link":"https:\/\/www.hotellimerikotka.fi\/en\/varausehdot\/","title":{"rendered":"Varausehdot"},"content":{"rendered":"<p><b>1. General<\/b><\/p>\n<p><b>Booking and payment<\/b>: Majoituspalvelu varataan verkkosivujen kautta. Asiakas valitsee joko maksun paikan p\u00e4\u00e4ll\u00e4, tai maksaa majoituksen etuk\u00e4teen verkossa.<\/p>\n<p><b>Cancellation policy:<\/b> The reservation can be cancelled free of charge up to two (2) days before arrival. After this, the full amount of the reservation will be charged.<\/p>\n<p><b>Formation and validity of the contract:<\/b> The contract is valid when the customer receives the booking confirmation. The validity period of the contract is specified in the booking confirmation.<\/p>\n<p><b>Termination of the contract: <\/b>A contract that is valid until further notice can be terminated within the agreed notice period.<\/p>\n<p><b>2. Customer rights and obligations<\/b><\/p>\n<p><b>Guests:<\/b> The customer is responsible for making the reservation and ensuring that the guest complies with the agreement.<\/p>\n<p><b>Payment obligation:<\/b> The customer is responsible for accommodation fees. Late payment will incur interest and possible processing fees.<\/p>\n<p><b>Guarantee: <\/b>If the hotel requires a security deposit, it will be returned after inspection.<\/p>\n<p><b>Damages:<\/b> Asiakas on vastuussa kaikista vahingoista, joita majoittuja aiheuttaa majoituskohteelle tai muulle omaisuudelle.<\/p>\n<p><b>Smoking:<\/b> Smoking is prohibited in the hotel. Violation of the smoking ban will result in a two-day surcharge due to cleaning measures.<\/p>\n<p><b>Check-in:<\/b> Check-in at Hotel Merikotka is between 14:00 and 20:00. Guests must inform the hotel if early or late check-in is required. The hotel cannot guarantee that earlier check-in will be possible, as it depends on room availability. Late check-in is possible via a coded key safe, and the code will be sent to you upon request.<\/p>\n<p><b>3. Rights and obligations of the accommodation service provider<\/b><\/p>\n<p><b>Performing the service:<\/b> The hotel ensures that the reserved accommodation is available to the customer at the agreed time.<\/p>\n<p>Alternative accommodation: If the original accommodation is unavailable, the hotel may offer the customer alternative accommodation or refund the room rate if alternative accommodation is impossible to find.<\/p>\n<p><b>Toimitusehdot<\/b><\/p>\n<p>KOTKAN MERIKOTKA HOTELLI OY 1037091-0 (j\u00e4ljemp\u00e4n\u00e4 verkkokauppa) myy tuotteita yksityishenkil\u00f6ille Suomeen. Pid\u00e4t\u00e4mme oikeuden toimitusehtojen ja hintojen muutoksiin. Tuotteiden hinnat sis\u00e4lt\u00e4v\u00e4t arvonlis\u00e4veron.<\/p>\n<p><b>Verkkokaupan yhteystiedot<\/b><\/p>\n<p>S\u00e4hk\u00f6posti: hotelli.merikotka@kymp.netPuhelin: 05 215 222Postiosoite: Satamakatu 9 c, 48100 Kotka<\/p>\n<p><b>Tilaaminen<\/b><\/p>\n<p>Tilattavat tuotteet valitaan verkkosivuilla lis\u00e4\u00e4m\u00e4ll\u00e4 ne ostoskoriin. Tilaus l\u00e4hetet\u00e4\u00e4n maksamalla ostoskorin sis\u00e4lt\u00f6 verkkokaupan kassatoiminnossa. Tehdess\u00e4si tilauksen hyv\u00e4ksyt n\u00e4m\u00e4 toimitusehdot, tuotteiden hinnat sek\u00e4 toimituskulut. Mik\u00e4li tilaushetkell\u00e4 annetaan s\u00e4hk\u00f6postiosoite, tilauksesta l\u00e4hetet\u00e4\u00e4n tilausvahvistus s\u00e4hk\u00f6postitse. Tilausvahvistuksesta ilmenev\u00e4t tilatut tuotteet sek\u00e4 hinta.<\/p>\n<p><b>Maksaminen<\/b><\/p>\n<p>Verkkokaupan maksuv\u00e4litt\u00e4j\u00e4n\u00e4 toimii Visma Pay (Visma Payments Oy, y-tunnus 2486559-4), joka on rekister\u00f6ity Finanssivalvonnan yll\u00e4pit\u00e4m\u00e4\u00e4n maksulaitosrekisteriin. Maksamiseen siirryt\u00e4\u00e4n Visma Payn verkkopalvelun kautta ja tiliotteella ja laskulla maksun saajana n\u00e4kyy Visma Pay tai Visma Payments Oy. Visma Pay v\u00e4litt\u00e4\u00e4 maksut verkkokauppiaalle. Maksaminen on turvallista, sill\u00e4 kaikki maksutapahtumaa koskevat tiedot v\u00e4litet\u00e4\u00e4n salattua yhteytt\u00e4 k\u00e4ytt\u00e4en niin ettei kukaan ulkopuolinen taho n\u00e4e maksutapahtuman tietoja.<\/p>\n<p>Kauppa syntyy verkkokaupan asiakkaan ja verkkokaupan v\u00e4lille. Verkkokaupan vastuulla ovat kaikki kauppaan liittyv\u00e4t velvoitteet.<\/p>\n<p>Lue lis\u00e4\u00e4 Visma Paysta: https:\/\/www.vismapay.fi\/<\/p>\n<p><b>Maksutavat<\/b><\/p>\n<p>Visma Pay -palvelun kautta voit maksaa verkkopankkitunnuksilla, lompakolla, maksukorteilla (credit\/debit), laskulla tai osamaksulla. K\u00e4ytett\u00e4viss\u00e4 ovat seuraavat maksutavat: Osuuspankki, Nordea, Danske Bank, Oma S\u00e4\u00e4st\u00f6pankki, S\u00e4\u00e4st\u00f6pankki, Aktia, Paikallisosuuspankit, S-Pankki, Handelsbanken, \u00c5landsbanken, MobilePay, Siirto, Visa-, Visa Debit-, Visa Electron-, MasterCard- ja Debit MasterCard -kortit sek\u00e4 Alisa Lasku.<\/p>\n<p>MobilePay: Voit maksaa MobilePay-lompakollasi mik\u00e4li olet sallinut verkkokaupoissa maksamisen sovelluksen asetuksista. MobilePay-lompakolla suoritetut maksut veloitetaan lompakkoon liitetylt\u00e4 maksukortilta. Mik\u00e4li maksun veloittaminen maksukortilta ep\u00e4onnistuu, MobilePay-lompakolla maksaminen ei ole mahdollista verkkokaupassa.<\/p>\n<p>OP Lasku &#8211; Joustava tapa maksaa verkko-ostokset. Kaikkien pankkien asiakkaille. OP Laskulla voit tehd\u00e4 enint\u00e4\u00e4n 5 000 euron suuruisia ostoksia ja maksaa ne korottomasti pois 45 vuorokauden sis\u00e4ll\u00e4. Halutessasi voit pilkkoa laskun useampaan maksuer\u00e4\u00e4n. Ostoksesi n\u00e4kyv\u00e4t yhdess\u00e4 paikassa, joten pysyt helposti perill\u00e4 rahan k\u00e4yt\u00f6st\u00e4. Luottorajan avulla pid\u00e4t kulutuksen haluamissasi rajoissa. Saat laskut k\u00e4tev\u00e4sti s\u00e4hk\u00f6postiisi. Verkkopalvelussamme n\u00e4et tietoja OP Laskun k\u00e4yt\u00f6st\u00e4si ja tekemiesi ostosten summan. Voit k\u00e4ytt\u00e4\u00e4 OP Laskua, jos olet maksukykyinen yli 20-vuotias, ja sinulla on suomalaisen pankin verkkotunnukset. Lis\u00e4tietoja OP Laskuun liittyen l\u00f6yd\u00e4t osoitteesta: https:\/\/www.op.fi\/henkiloasiakkaat\/paivittaiset\/maksaminen\/op-lasku<\/p>\n<p>Alisa Lasku on joustava ja turvallinen maksutapa. Maksutapa sopii kaikille yli 20-vuotiaille kuluttajille kaiken tyyppisiin ostoksiin. Halutessasi voit jakaa laskun pienempiin osiin ja maksaa takaisin jopa 60 er\u00e4ss\u00e4. Lis\u00e4tietoja Alisa Laskuun liittyen l\u00f6yd\u00e4t osoitteesta: https:\/\/www.alisapankki.fi\/<\/p>\n<p><b>Visma Pay -maksupalvelun yhteystiedot<\/b><\/p>\n<p>Visma Payments Oy (Y-tunnus 2486559-4)<\/p>\n<p>S\u00e4hk\u00f6posti: helpdesk@vismapay.com<\/p>\n<p>Puhelin: 09 315 42 037 (arkisin klo 9-16)<\/p>\n<p>Postiosoite: Brahenkatu 4, 53100 Lappeenranta<\/p>","protected":false},"excerpt":{"rendered":"<p>1. Yleist\u00e4 Varaaminen ja maksaminen: Majoituspalvelu varataan verkkosivujen kautta. Asiakas valitsee joko maksun paikan p\u00e4\u00e4ll\u00e4, tai maksaa majoituksen etuk\u00e4teen verkossa. Peruutusehto: Varaus voidaan peruuttaa ilmaiseksi viimeist\u00e4\u00e4n kaksi (2) vuorokautta ennen saapumista. T\u00e4m\u00e4n j\u00e4lkeen perit\u00e4\u00e4n koko varauksen summa. Sopimuksen syntyminen ja voimassaolo: Sopimus on voimassa, kun asiakas saa varausvahvistuksen. Sopimuksen voimassaoloaika m\u00e4\u00e4ritell\u00e4\u00e4n varausvahvistuksessa. Sopimuksen irtisanominen: Toistaiseksi &#8230; <a title=\"Varausehdot\" class=\"read-more\" href=\"https:\/\/www.hotellimerikotka.fi\/en\/varausehdot\/\" aria-label=\"Read more about Varausehdot\">Read more<\/a><\/p>","protected":false},"author":1,"featured_media":0,"parent":0,"menu_order":0,"comment_status":"closed","ping_status":"closed","template":"","meta":{"generate_page_header":"","footnotes":""},"class_list":["post-986","page","type-page","status-publish"],"_links":{"self":[{"href":"https:\/\/www.hotellimerikotka.fi\/en\/wp-json\/wp\/v2\/pages\/986","targetHints":{"allow":["GET"]}}],"collection":[{"href":"https:\/\/www.hotellimerikotka.fi\/en\/wp-json\/wp\/v2\/pages"}],"about":[{"href":"https:\/\/www.hotellimerikotka.fi\/en\/wp-json\/wp\/v2\/types\/page"}],"author":[{"embeddable":true,"href":"https:\/\/www.hotellimerikotka.fi\/en\/wp-json\/wp\/v2\/users\/1"}],"replies":[{"embeddable":true,"href":"https:\/\/www.hotellimerikotka.fi\/en\/wp-json\/wp\/v2\/comments?post=986"}],"version-history":[{"count":5,"href":"https:\/\/www.hotellimerikotka.fi\/en\/wp-json\/wp\/v2\/pages\/986\/revisions"}],"predecessor-version":[{"id":1039,"href":"https:\/\/www.hotellimerikotka.fi\/en\/wp-json\/wp\/v2\/pages\/986\/revisions\/1039"}],"wp:attachment":[{"href":"https:\/\/www.hotellimerikotka.fi\/en\/wp-json\/wp\/v2\/media?parent=986"}],"curies":[{"name":"wp","href":"https:\/\/api.w.org\/{rel}","templated":true}]}}