{"id":88,"date":"2021-01-11T11:52:57","date_gmt":"2021-01-11T11:52:57","guid":{"rendered":"http:\/\/www.hotellimerikotka.fi\/?page_id=88"},"modified":"2021-01-31T21:46:32","modified_gmt":"2021-01-31T21:46:32","slug":"kotka","status":"publish","type":"page","link":"https:\/\/www.hotellimerikotka.fi\/ru\/kotka\/","title":{"rendered":"Kotka"},"content":{"rendered":"<div data-elementor-type=\"wp-page\" data-elementor-id=\"88\" class=\"elementor elementor-88\">\n\t\t\t\t\t\t<section class=\"elementor-section elementor-top-section elementor-element elementor-element-f7a7977 elementor-section-boxed elementor-section-height-default elementor-section-height-default\" data-id=\"f7a7977\" data-element_type=\"section\" data-e-type=\"section\">\n\t\t\t\t\t\t<div class=\"elementor-container elementor-column-gap-default\">\n\t\t\t\t\t<div class=\"elementor-column elementor-col-100 elementor-top-column elementor-element elementor-element-433c196\" data-id=\"433c196\" data-element_type=\"column\" data-e-type=\"column\">\n\t\t\t<div class=\"elementor-widget-wrap elementor-element-populated\">\n\t\t\t\t\t\t<div class=\"elementor-element elementor-element-163221b elementor-widget elementor-widget-text-editor\" data-id=\"163221b\" data-element_type=\"widget\" data-e-type=\"widget\" data-widget_type=\"text-editor.default\">\n\t\t\t\t<div class=\"elementor-widget-container\">\n\t\t\t\t\t\t\t\t\t<p><span style=\"color: #333333;\">Kotkan kaupungin keskusta sijaitsee meren ymp\u00e4r\u00f6im\u00e4ll\u00e4 Kotkansaarella. Kotkansaari on kaupunginosista urbaanein, suurten kaupunkitalojen muodostama vilkas ydin kauppoineen ja kulttuuripalveluineen.<\/span><\/p><p><span style=\"color: #333333;\">Kotkassa on kymmeni\u00e4, jollei satoja eri tapoja viett\u00e4\u00e4 vapaa-aikaansa. Erilaisia tapahtumia on l\u00e4hes kaikkina vuoden p\u00e4ivin\u00e4 ja my\u00f6s ulkoilu- ja liikuntamahdollisuudet meren ja joen l\u00e4heisyydess\u00e4 tai Suomen kauneimmissa puistoissa ovat kaikkien saatavilla.<\/span><\/p><p><strong><a href=\"https:\/\/www.kotka.fi\/\">Kotkan kaupungin verkkosivut<\/a><\/strong><\/p><p><span style=\"color: #333333;\">Kotkan kaupungin historiaa:<\/span><\/p><p><span style=\"color: #333333;\">Kotkan kaupunki sai alkunsa 1800-luvun puoliv\u00e4liss\u00e4, kun Ruotsinsalmen linnoituskaupungin raunioille alkoi kasvaa vilkas puunjalostusteollisuudesta elantonsa saava yhdyskunta. Rannoille ja l\u00e4hisaariin nousi lukuisia sahoja, jotka rouskuttivat Kymijoen kuljettamaa puuta. Laivoihin sahatavara lastattiin Kotkansaaren pohjoisk\u00e4rkeen rakennetussa satamassa.<\/span><\/p><p><span style=\"color: #333333;\">Kantasataman alueella toimii nykyisinkin monialainen puunjalostustehdas sek\u00e4 osa Kotkan satamasta. Alueen ilme on kuitenkin muuttunut sinne nousseiden merikeskus Vellamon sek\u00e4 Suomen Puuvenekeskuksen my\u00f6t\u00e4.<\/span><\/p><p><span style=\"color: #333333;\">Kotkalaiselle el\u00e4m\u00e4nkulttuurille ominaista on vahva historian, meren ja sataman l\u00e4sn\u00e4olo. El\u00e4m\u00e4\u00e4 saarella kehyst\u00e4v\u00e4t Ruotsinsalmen linnoituskaupungin rauniot, merelliset asuinalueet sek\u00e4 tietysti upeat kansainv\u00e4lisesti palkitut puistot.<\/span><\/p>\t\t\t\t\t\t\t\t<\/div>\n\t\t\t\t<\/div>\n\t\t\t\t\t<\/div>\n\t\t<\/div>\n\t\t\t\t\t<\/div>\n\t\t<\/section>\n\t\t\t\t<\/div>","protected":false},"excerpt":{"rendered":"<p>Kotkan kaupungin keskusta sijaitsee meren ymp\u00e4r\u00f6im\u00e4ll\u00e4 Kotkansaarella. Kotkansaari on kaupunginosista urbaanein, suurten kaupunkitalojen muodostama vilkas ydin kauppoineen ja kulttuuripalveluineen. Kotkassa on kymmeni\u00e4, jollei satoja eri tapoja viett\u00e4\u00e4 vapaa-aikaansa. Erilaisia tapahtumia on l\u00e4hes kaikkina vuoden p\u00e4ivin\u00e4 ja my\u00f6s ulkoilu- ja liikuntamahdollisuudet meren ja joen l\u00e4heisyydess\u00e4 tai Suomen kauneimmissa puistoissa ovat kaikkien saatavilla. Kotkan kaupungin verkkosivut Kotkan &#8230; <a title=\"Kotka\" class=\"read-more\" href=\"https:\/\/www.hotellimerikotka.fi\/ru\/kotka\/\" aria-label=\"\u041f\u0440\u043e\u0447\u0438\u0442\u0430\u0442\u044c \u0431\u043e\u043b\u044c\u0448\u0435 \u043e Kotka\">Read more<\/a><\/p>","protected":false},"author":1,"featured_media":0,"parent":0,"menu_order":0,"comment_status":"closed","ping_status":"closed","template":"","meta":{"generate_page_header":"","footnotes":""},"class_list":["post-88","page","type-page","status-publish"],"_links":{"self":[{"href":"https:\/\/www.hotellimerikotka.fi\/ru\/wp-json\/wp\/v2\/pages\/88","targetHints":{"allow":["GET"]}}],"collection":[{"href":"https:\/\/www.hotellimerikotka.fi\/ru\/wp-json\/wp\/v2\/pages"}],"about":[{"href":"https:\/\/www.hotellimerikotka.fi\/ru\/wp-json\/wp\/v2\/types\/page"}],"author":[{"embeddable":true,"href":"https:\/\/www.hotellimerikotka.fi\/ru\/wp-json\/wp\/v2\/users\/1"}],"replies":[{"embeddable":true,"href":"https:\/\/www.hotellimerikotka.fi\/ru\/wp-json\/wp\/v2\/comments?post=88"}],"version-history":[{"count":13,"href":"https:\/\/www.hotellimerikotka.fi\/ru\/wp-json\/wp\/v2\/pages\/88\/revisions"}],"predecessor-version":[{"id":272,"href":"https:\/\/www.hotellimerikotka.fi\/ru\/wp-json\/wp\/v2\/pages\/88\/revisions\/272"}],"wp:attachment":[{"href":"https:\/\/www.hotellimerikotka.fi\/ru\/wp-json\/wp\/v2\/media?parent=88"}],"curies":[{"name":"wp","href":"https:\/\/api.w.org\/{rel}","templated":true}]}}