{"id":9,"date":"2020-12-13T15:54:33","date_gmt":"2020-12-13T15:54:33","guid":{"rendered":"http:\/\/www.hotellimerikotka.fi\/?page_id=9"},"modified":"2026-03-29T07:08:34","modified_gmt":"2026-03-29T05:08:34","slug":"etusivu","status":"publish","type":"page","link":"https:\/\/www.hotellimerikotka.fi\/ru\/","title":{"rendered":"\u0413\u043e\u0441\u0442\u0438\u043d\u0438\u0446\u0430"},"content":{"rendered":"\t\t<div data-elementor-type=\"wp-page\" data-elementor-id=\"9\" class=\"elementor elementor-9\">\n\t\t\t\t\t\t<section class=\"elementor-section elementor-top-section elementor-element elementor-element-1b7f104 elementor-section-full_width elementor-section-height-min-height elementor-section-stretched elementor-section-content-middle elementor-section-height-default elementor-section-items-middle elementor-invisible\" data-id=\"1b7f104\" data-element_type=\"section\" data-e-type=\"section\" data-settings=\"{&quot;stretch_section&quot;:&quot;section-stretched&quot;,&quot;background_background&quot;:&quot;classic&quot;,&quot;animation&quot;:&quot;fadeIn&quot;,&quot;animation_delay&quot;:10}\">\n\t\t\t\t\t\t\t<div class=\"elementor-background-overlay\"><\/div>\n\t\t\t\t\t\t\t<div class=\"elementor-container elementor-column-gap-no\">\n\t\t\t\t\t<div class=\"elementor-column elementor-col-100 elementor-top-column elementor-element elementor-element-4d6b3d0\" data-id=\"4d6b3d0\" data-element_type=\"column\" data-e-type=\"column\">\n\t\t\t<div class=\"elementor-widget-wrap elementor-element-populated\">\n\t\t\t\t\t\t<div class=\"elementor-element elementor-element-2d2e843 elementor-widget elementor-widget-heading\" data-id=\"2d2e843\" data-element_type=\"widget\" data-e-type=\"widget\" data-widget_type=\"heading.default\">\n\t\t\t\t<div class=\"elementor-widget-container\">\n\t\t\t\t\t<h2 class=\"elementor-heading-title elementor-size-default\">Hotelli Merikotka<\/h2>\t\t\t\t<\/div>\n\t\t\t\t<\/div>\n\t\t\t\t<div class=\"elementor-element elementor-element-4991048 elementor-widget elementor-widget-heading\" data-id=\"4991048\" data-element_type=\"widget\" data-e-type=\"widget\" data-widget_type=\"heading.default\">\n\t\t\t\t<div class=\"elementor-widget-container\">\n\t\t\t\t\t<h2 class=\"elementor-heading-title elementor-size-default\">- Rauhallinen ja viihtyis\u00e4 kaupunkihotelli keskell\u00e4 Kotkaa<\/h2>\t\t\t\t<\/div>\n\t\t\t\t<\/div>\n\t\t\t\t\t<\/div>\n\t\t<\/div>\n\t\t\t\t\t<\/div>\n\t\t<\/section>\n\t\t\t\t<section class=\"elementor-section elementor-top-section elementor-element elementor-element-c58ea12 elementor-section-full_width elementor-section-stretched elementor-section-content-middle elementor-section-height-default elementor-section-height-default\" data-id=\"c58ea12\" data-element_type=\"section\" data-e-type=\"section\" data-settings=\"{&quot;stretch_section&quot;:&quot;section-stretched&quot;,&quot;background_background&quot;:&quot;classic&quot;}\">\n\t\t\t\t\t\t<div class=\"elementor-container elementor-column-gap-no\">\n\t\t\t\t\t<div class=\"elementor-column elementor-col-100 elementor-top-column elementor-element elementor-element-326d6a8\" data-id=\"326d6a8\" data-element_type=\"column\" data-e-type=\"column\">\n\t\t\t<div class=\"elementor-widget-wrap elementor-element-populated\">\n\t\t\t\t\t\t<div class=\"elementor-element elementor-element-eaa8619 elementor-widget__width-inherit elementor-widget elementor-widget-shortcode\" data-id=\"eaa8619\" data-element_type=\"widget\" data-e-type=\"widget\" data-widget_type=\"shortcode.default\">\n\t\t\t\t<div class=\"elementor-widget-container\">\n\t\t\t\t\t\t\t<div class=\"elementor-shortcode\">\t\t<!-- filter form -->\n\t\t<section class=\"webia_cottages__formsection \" style=\"background-color: #eee; --wcts-field-bg: #fff; --wcts-field-color: #333; --wcts-search-btn-bg: #494949; --wcts-search-btn-color: #ffffff;\">\n\t\t<form class=\"webia_cottages__filters js-webia-hotels-searchform\" action=\"https:\/\/www.hotellimerikotka.fi\/ru\/huoneet\/\" method=\"GET\">\n\n\t\t\t<div class=\"webia_cottages__date\">\n\t\t\t\t<div class=\"webia_cottages__date_field\">\n\t\t\t\t\t<label class=\"webia_cottages__date_label\">\u0414\u0430\u0442\u0430 \u0437\u0430\u0435\u0437\u0434\u0430<\/label>\n\t\t\t\t\t<input class=\"webia_cottages__input date-picker js-checkin\" type=\"text\" name=\"checkin\" autocomplete=\"off\" data-gap=\"1\" data-min=\"1\" placeholder=\"\u0432\u044b\u0431\u0435\u0440\u0438\u0442\u0435 \u0434\u0430\u0442\u0443\">\n\t\t\t\t<\/div>\n\t\t\t\t<div class=\"webia_cottages__date_field\">\n\t\t\t\t\t<label class=\"webia_cottages__date_label\">\u0414\u0430\u0442\u0430 \u0432\u044b\u0435\u0437\u0434\u0430<\/label>\n\t\t\t\t\t<input class=\"webia_cottages__input date-picker js-checkout\" type=\"text\" name=\"checkout\" autocomplete=\"off\" placeholder=\"\u0432\u044b\u0431\u0435\u0440\u0438\u0442\u0435 \u0434\u0430\u0442\u0443\">\n\t\t\t\t<\/div>\n\t\t\t<\/div>\n\t\t\t\n\t\t\t<button type=\"submit\" class=\"webia_cottages__submit js-webia-search\">\n\t\t\t\t\u041f\u043e\u0438\u0441\u043a\t\t\t\t<div class=\"js-preloader webia_cottages__preloader-layer\">\n\t\t\t\t\t\n\t\t\t\t\t<div class=\"webia_cottages__preloader-wrapper\">\n\t\t\t\t\t\t<div class=\"webia_cottages__preloader-spinner-layer webia_cottages__spinner-blue-only\">\n\t\t\t\t\t\t\t<div class=\"webia_cottages__preloader-circle-clipper\">\n\t\t\t\t\t\t\t\t<div class=\"webia_cottages__preloader-circle left\"><\/div>\n\t\t\t\t\t\t\t<\/div><div class=\"webia_cottages__preloader-gap-patch\">\n\t\t\t\t\t\t\t\t<div class=\"webia_cottages__preloader-gap-patch-circle\"><\/div>\n\t\t\t\t\t\t\t<\/div><div class=\"webia_cottages__preloader-circle-clipper\">\n\t\t\t\t\t\t\t\t<div class=\"webia_cottages__preloader-circle right\"><\/div>\n\t\t\t\t\t\t\t<\/div>\n\t\t\t\t\t\t<\/div>\n\t\t\t\t\t<\/div>\n\t\t\t\t<\/div>\n\t\t\t<\/button>\t\t\t\n\t\t<\/form>\n\t\t<div style=\"display:none\">\n\t\t\t<div class=\"js-webia-age-template\">\n\t\t\t\t<select class=\"webia_cottages__input-group__dropdown_ages_select js-webia-age\" name=\"children_ages[]\">\n\t\t\t\t\t<option value=\"0\">\u0412\u044b\u0431\u0435\u0440\u0438\u0442\u0435 \u0432\u043e\u0437\u0440\u0430\u0441\u0442<\/option>\n\t\t\t\t\t<option value=\"0\">\u041c\u0435\u043d\u044c\u0448\u0435 \u0433\u043e\u0434\u0430<\/option>\n\t\t\t\t\t\t\t\t\t\t\t<option value=\"1\">\n\t\t\t\t\t\t\t1 \u0433\u043e\u0434\t\t\t\t\t\t<\/option>\n\t\t\t\t\t\t\t\t\t\t\t<option value=\"2\">\n\t\t\t\t\t\t\t2 \u0433\u043e\u0434\u0430\t\t\t\t\t\t<\/option>\n\t\t\t\t\t\t\t\t\t\t\t<option value=\"3\">\n\t\t\t\t\t\t\t3 \u0433\u043e\u0434\u0430\t\t\t\t\t\t<\/option>\n\t\t\t\t\t\t\t\t\t\t\t<option value=\"4\">\n\t\t\t\t\t\t\t4 \u0433\u043e\u0434\u0430\t\t\t\t\t\t<\/option>\n\t\t\t\t\t\t\t\t\t\t\t<option value=\"5\">\n\t\t\t\t\t\t\t5 \u043b\u0435\u0442\t\t\t\t\t\t<\/option>\n\t\t\t\t\t\t\t\t\t\t\t<option value=\"6\">\n\t\t\t\t\t\t\t6 \u043b\u0435\u0442\t\t\t\t\t\t<\/option>\n\t\t\t\t\t\t\t\t\t\t\t<option value=\"7\">\n\t\t\t\t\t\t\t7 \u043b\u0435\u0442\t\t\t\t\t\t<\/option>\n\t\t\t\t\t\t\t\t\t\t\t<option value=\"8\">\n\t\t\t\t\t\t\t8 \u043b\u0435\u0442\t\t\t\t\t\t<\/option>\n\t\t\t\t\t\t\t\t\t\t\t<option value=\"9\">\n\t\t\t\t\t\t\t9 \u043b\u0435\u0442\t\t\t\t\t\t<\/option>\n\t\t\t\t\t\t\t\t\t\t\t<option value=\"10\">\n\t\t\t\t\t\t\t10 \u043b\u0435\u0442\t\t\t\t\t\t<\/option>\n\t\t\t\t\t\t\t\t\t\t\t<option value=\"11\">\n\t\t\t\t\t\t\t11 \u043b\u0435\u0442\t\t\t\t\t\t<\/option>\n\t\t\t\t\t\t\t\t\t\t\t<option value=\"12\">\n\t\t\t\t\t\t\t12 \u043b\u0435\u0442\t\t\t\t\t\t<\/option>\n\t\t\t\t\t\t\t\t\t\t\t<option value=\"13\">\n\t\t\t\t\t\t\t13 \u043b\u0435\u0442\t\t\t\t\t\t<\/option>\n\t\t\t\t\t\t\t\t\t\t\t<option value=\"14\">\n\t\t\t\t\t\t\t14 \u043b\u0435\u0442\t\t\t\t\t\t<\/option>\n\t\t\t\t\t\t\t\t\t\t\t<option value=\"15\">\n\t\t\t\t\t\t\t15 \u043b\u0435\u0442\t\t\t\t\t\t<\/option>\n\t\t\t\t\t\t\t\t\t\t\t<option value=\"16\">\n\t\t\t\t\t\t\t16 \u043b\u0435\u0442\t\t\t\t\t\t<\/option>\n\t\t\t\t\t\t\t\t\t\t\t<option value=\"17\">\n\t\t\t\t\t\t\t17 \u043b\u0435\u0442\t\t\t\t\t\t<\/option>\n\t\t\t\t\t\t\t\t\t\t\t<option value=\"18\">\n\t\t\t\t\t\t\t18 \u043b\u0435\u0442\t\t\t\t\t\t<\/option>\n\t\t\t\t\t\t\t\t\t<\/select>\n\t\t\t<\/div>\n\t\t<\/div>\t\n\t\t<\/section>\n\t\t<!-- \/filter form -->\n\t\t<\/div>\n\t\t\t\t\t\t<\/div>\n\t\t\t\t<\/div>\n\t\t\t\t<div class=\"elementor-element elementor-element-be60124 elementor-widget elementor-widget-text-editor\" data-id=\"be60124\" data-element_type=\"widget\" data-e-type=\"widget\" data-widget_type=\"text-editor.default\">\n\t\t\t\t<div class=\"elementor-widget-container\">\n\t\t\t\t\t\t\t\t\t<p>Tervetuloa Hotelli Merikotkaan!<\/p><p>Hotelli Merikotka sijaitsee yli 100 vuotta vanhassa tukkukaupantalossa ja tarjoaa kodikkaan ja persoonallisen majoitusvaihtoehdon Kotkaan matkustaville. Hotelli on perustettu entisiin Palski-diskon tiloihin ja sijaitsee Kotkan vanhassa kantasatamassa, vain 400 metrin p\u00e4\u00e4ss\u00e4 keskustan palveluista, kuten Kauppakeskus Pasaatista.<\/p><p>Hotellissa on ilmainen WiFi ja kaapeli-TV huoneissa. L\u00e4hialueelta l\u00f6ytyy monia ravintoloita, kauppoja ja muita palveluja. Kotkan sataman junapys\u00e4kki on noin 300 metrin p\u00e4\u00e4ss\u00e4 hotellista, ja Merikeskus Vellamo sijaitsee vain 4 minuutin k\u00e4velymatkan p\u00e4\u00e4ss\u00e4. Maretarium-akvaario ja Sapokan vesipuisto ovat noin 14 minuutin k\u00e4velymatkan p\u00e4\u00e4ss\u00e4.<\/p><p>Kaikissa hotellihuoneissa on oma kylpyhuone, jossa suihku. Huoneissa on my\u00f6s j\u00e4\u00e4kaappi ja taulutelevisio. Aamiainen tarjoillaan arkisin klo 6:15\u201310:00 ja viikonloppuisin sek\u00e4 pyh\u00e4p\u00e4ivin\u00e4 klo 8:00\u201310:00.\u00a0<\/p><p>Alakerran Bar Merikotkassa voi nauttia juomia ja pient\u00e4 purtavaa tunnelmallisessa ymp\u00e4rist\u00f6ss\u00e4.<\/p><p>Sis\u00e4\u00e4nkirjautuminen on mahdollista klo 14:00\u201320:00. Jos t\u00e4m\u00e4 aika ei sovi, ota yhteytt\u00e4 hotelliin.\u00a0<\/p><p>Hotelli Merikotka on loistava valinta, jos haluat nauttia Kotkan tunnelmasta historiallisessa ymp\u00e4rist\u00f6ss\u00e4.<\/p>\t\t\t\t\t\t\t\t<\/div>\n\t\t\t\t<\/div>\n\t\t\t\t\t<\/div>\n\t\t<\/div>\n\t\t\t\t\t<\/div>\n\t\t<\/section>\n\t\t\t\t<section class=\"elementor-section elementor-top-section elementor-element elementor-element-cc04a90 elementor-section-full_width elementor-section-height-default elementor-section-height-default\" data-id=\"cc04a90\" data-element_type=\"section\" data-e-type=\"section\">\n\t\t\t\t\t\t<div class=\"elementor-container elementor-column-gap-default\">\n\t\t\t\t\t<div class=\"elementor-column elementor-col-100 elementor-top-column elementor-element elementor-element-1a7feda\" data-id=\"1a7feda\" data-element_type=\"column\" data-e-type=\"column\">\n\t\t\t<div class=\"elementor-widget-wrap\">\n\t\t\t\t\t\t\t<\/div>\n\t\t<\/div>\n\t\t\t\t\t<\/div>\n\t\t<\/section>\n\t\t\t\t<section class=\"elementor-section elementor-top-section elementor-element elementor-element-96d44f2 elementor-section-boxed elementor-section-height-default elementor-section-height-default\" data-id=\"96d44f2\" data-element_type=\"section\" data-e-type=\"section\">\n\t\t\t\t\t\t<div class=\"elementor-container elementor-column-gap-default\">\n\t\t\t\t\t<div class=\"elementor-column elementor-col-100 elementor-top-column elementor-element elementor-element-0f079cc\" data-id=\"0f079cc\" data-element_type=\"column\" data-e-type=\"column\">\n\t\t\t<div class=\"elementor-widget-wrap elementor-element-populated\">\n\t\t\t\t\t\t<div class=\"elementor-element elementor-element-e00d99d elementor-arrows-position-inside elementor-pagination-position-outside elementor-widget elementor-widget-image-carousel\" data-id=\"e00d99d\" data-element_type=\"widget\" data-e-type=\"widget\" data-settings=\"{&quot;slides_to_show&quot;:&quot;3&quot;,&quot;navigation&quot;:&quot;both&quot;,&quot;autoplay&quot;:&quot;yes&quot;,&quot;pause_on_hover&quot;:&quot;yes&quot;,&quot;pause_on_interaction&quot;:&quot;yes&quot;,&quot;autoplay_speed&quot;:5000,&quot;infinite&quot;:&quot;yes&quot;,&quot;speed&quot;:500}\" data-widget_type=\"image-carousel.default\">\n\t\t\t\t<div class=\"elementor-widget-container\">\n\t\t\t\t\t\t\t<div class=\"elementor-image-carousel-wrapper swiper\" role=\"region\" aria-roledescription=\"carousel\" aria-label=\"Kuvakaruselli\" dir=\"ltr\">\n\t\t\t<div class=\"elementor-image-carousel swiper-wrapper\" aria-live=\"off\">\n\t\t\t\t\t\t\t\t<div class=\"swiper-slide\" role=\"group\" aria-roledescription=\"slide\" aria-label=\"1 of 18\"><figure class=\"swiper-slide-inner\"><img decoding=\"async\" class=\"swiper-slide-image\" src=\"https:\/\/www.hotellimerikotka.fi\/wp-content\/uploads\/2023\/01\/86bdc9eaeda583eb0742af9cde95aba6caf5b9f57ca57de577f19a590dbbb964-768x512.jpg\" alt=\"86bdc9eaeda583eb0742af9cde95aba6caf5b9f57ca57de577f19a590dbbb964\" \/><\/figure><\/div><div class=\"swiper-slide\" role=\"group\" aria-roledescription=\"slide\" aria-label=\"2 of 18\"><figure class=\"swiper-slide-inner\"><img decoding=\"async\" class=\"swiper-slide-image\" src=\"https:\/\/www.hotellimerikotka.fi\/wp-content\/uploads\/2023\/01\/852da0594039a6c036d8e76623f26e9b46033770cf0ee10c9eead774b77453a7-768x512.jpg\" alt=\"852da0594039a6c036d8e76623f26e9b46033770cf0ee10c9eead774b77453a7\" \/><\/figure><\/div><div class=\"swiper-slide\" role=\"group\" aria-roledescription=\"slide\" aria-label=\"3 of 18\"><figure class=\"swiper-slide-inner\"><img decoding=\"async\" class=\"swiper-slide-image\" src=\"https:\/\/www.hotellimerikotka.fi\/wp-content\/uploads\/2023\/01\/4d49d2e8ca8c9a056c85d94b6d0c06e4df3c725788965c7255d4a76e92071dde-768x512.jpg\" alt=\"4d49d2e8ca8c9a056c85d94b6d0c06e4df3c725788965c7255d4a76e92071dde\" \/><\/figure><\/div><div class=\"swiper-slide\" role=\"group\" aria-roledescription=\"slide\" aria-label=\"4 of 18\"><figure class=\"swiper-slide-inner\"><img decoding=\"async\" class=\"swiper-slide-image\" src=\"https:\/\/www.hotellimerikotka.fi\/wp-content\/uploads\/2023\/01\/f731b05a2ca7bcff441d8bb665ac1c2874bff801ec07ee7124cede83a7b8b0bd-768x512.jpg\" alt=\"f731b05a2ca7bcff441d8bb665ac1c2874bff801ec07ee7124cede83a7b8b0bd\" \/><\/figure><\/div><div class=\"swiper-slide\" role=\"group\" aria-roledescription=\"slide\" aria-label=\"5 of 18\"><figure class=\"swiper-slide-inner\"><img decoding=\"async\" class=\"swiper-slide-image\" src=\"https:\/\/www.hotellimerikotka.fi\/wp-content\/uploads\/2023\/01\/43bb365bea082857478dcb93102847db148fa525dc5cebb8edbfdb3766b7b2fd-768x512.jpg\" alt=\"43bb365bea082857478dcb93102847db148fa525dc5cebb8edbfdb3766b7b2fd\" \/><\/figure><\/div><div class=\"swiper-slide\" role=\"group\" aria-roledescription=\"slide\" aria-label=\"6 of 18\"><figure class=\"swiper-slide-inner\"><img decoding=\"async\" class=\"swiper-slide-image\" src=\"https:\/\/www.hotellimerikotka.fi\/wp-content\/uploads\/2023\/01\/c5e810e2d842b7dbad5e781e3280c81b49d70660050ea4f09f438e0129b673ad-768x512.jpg\" alt=\"c5e810e2d842b7dbad5e781e3280c81b49d70660050ea4f09f438e0129b673ad\" \/><\/figure><\/div><div class=\"swiper-slide\" role=\"group\" aria-roledescription=\"slide\" aria-label=\"7 of 18\"><figure class=\"swiper-slide-inner\"><img decoding=\"async\" class=\"swiper-slide-image\" src=\"https:\/\/www.hotellimerikotka.fi\/wp-content\/uploads\/2023\/01\/69743c50d4510ee26a403bb8ac87d273585971daa61d52d1ef730602fdca2c67-768x512.jpg\" alt=\"69743c50d4510ee26a403bb8ac87d273585971daa61d52d1ef730602fdca2c67\" \/><\/figure><\/div><div class=\"swiper-slide\" role=\"group\" aria-roledescription=\"slide\" aria-label=\"8 of 18\"><figure class=\"swiper-slide-inner\"><img decoding=\"async\" class=\"swiper-slide-image\" src=\"https:\/\/www.hotellimerikotka.fi\/wp-content\/uploads\/2023\/01\/3a9a74dcbae378837edfb1d7b331296420cc51c8fdbc5137e17039ca2748e2ce-768x512.jpg\" alt=\"3a9a74dcbae378837edfb1d7b331296420cc51c8fdbc5137e17039ca2748e2ce\" \/><\/figure><\/div><div class=\"swiper-slide\" role=\"group\" aria-roledescription=\"slide\" aria-label=\"9 of 18\"><figure class=\"swiper-slide-inner\"><img decoding=\"async\" class=\"swiper-slide-image\" src=\"https:\/\/www.hotellimerikotka.fi\/wp-content\/uploads\/2023\/01\/41af8401277060dda9ea5cf7fc0c2cb9ebf70cda97e75b74d202c31267b66336-768x512.jpg\" alt=\"41af8401277060dda9ea5cf7fc0c2cb9ebf70cda97e75b74d202c31267b66336\" \/><\/figure><\/div><div class=\"swiper-slide\" role=\"group\" aria-roledescription=\"slide\" aria-label=\"10 of 18\"><figure class=\"swiper-slide-inner\"><img decoding=\"async\" class=\"swiper-slide-image\" src=\"https:\/\/www.hotellimerikotka.fi\/wp-content\/uploads\/2023\/01\/IMG_0766-768x512.jpg\" alt=\"IMG_0766\" \/><\/figure><\/div><div class=\"swiper-slide\" role=\"group\" aria-roledescription=\"slide\" aria-label=\"11 of 18\"><figure class=\"swiper-slide-inner\"><img decoding=\"async\" class=\"swiper-slide-image\" src=\"https:\/\/www.hotellimerikotka.fi\/wp-content\/uploads\/2025\/08\/2025_05_28_kristaylinen_209-2-768x512.jpg\" alt=\"2025_05_28_kristaylinen_209\" \/><\/figure><\/div><div class=\"swiper-slide\" role=\"group\" aria-roledescription=\"slide\" aria-label=\"12 of 18\"><figure class=\"swiper-slide-inner\"><img decoding=\"async\" class=\"swiper-slide-image\" src=\"https:\/\/www.hotellimerikotka.fi\/wp-content\/uploads\/2025\/08\/2025_05_28_kristaylinen_1365-768x512.jpg\" alt=\"2025_05_28_kristaylinen_1365\" \/><\/figure><\/div><div class=\"swiper-slide\" role=\"group\" aria-roledescription=\"slide\" aria-label=\"13 of 18\"><figure class=\"swiper-slide-inner\"><img decoding=\"async\" class=\"swiper-slide-image\" src=\"https:\/\/www.hotellimerikotka.fi\/wp-content\/uploads\/2025\/08\/2025_05_28_kristaylinen_795.jpg\" alt=\"2025_05_28_kristaylinen_795\" \/><\/figure><\/div><div class=\"swiper-slide\" role=\"group\" aria-roledescription=\"slide\" aria-label=\"14 of 18\"><figure class=\"swiper-slide-inner\"><img decoding=\"async\" class=\"swiper-slide-image\" src=\"https:\/\/www.hotellimerikotka.fi\/wp-content\/uploads\/2025\/08\/2025_05_28_kristaylinen_623-768x512.jpg\" alt=\"2025_05_28_kristaylinen_623\" \/><\/figure><\/div><div class=\"swiper-slide\" role=\"group\" aria-roledescription=\"slide\" aria-label=\"15 of 18\"><figure class=\"swiper-slide-inner\"><img decoding=\"async\" class=\"swiper-slide-image\" src=\"https:\/\/www.hotellimerikotka.fi\/wp-content\/uploads\/2025\/08\/2025_05_28_kristaylinen_464-scaled.jpg\" alt=\"Hotellihuone\" \/><\/figure><\/div><div class=\"swiper-slide\" role=\"group\" aria-roledescription=\"slide\" aria-label=\"16 of 18\"><figure class=\"swiper-slide-inner\"><img decoding=\"async\" class=\"swiper-slide-image\" src=\"https:\/\/www.hotellimerikotka.fi\/wp-content\/uploads\/2025\/08\/2025_05_28_kristaylinen_486-scaled.jpg\" alt=\"Pieni kahden hengen huone\" \/><\/figure><\/div><div class=\"swiper-slide\" role=\"group\" aria-roledescription=\"slide\" aria-label=\"17 of 18\"><figure class=\"swiper-slide-inner\"><img decoding=\"async\" class=\"swiper-slide-image\" src=\"https:\/\/www.hotellimerikotka.fi\/wp-content\/uploads\/2025\/08\/2025_05_28_kristaylinen_501-768x512.jpg\" alt=\"Superior twin\" \/><\/figure><\/div><div class=\"swiper-slide\" role=\"group\" aria-roledescription=\"slide\" aria-label=\"18 of 18\"><figure class=\"swiper-slide-inner\"><img decoding=\"async\" class=\"swiper-slide-image\" src=\"https:\/\/www.hotellimerikotka.fi\/wp-content\/uploads\/2025\/08\/2025_05_28_kristaylinen_430-768x512.jpg\" alt=\"aamiainen\" \/><\/figure><\/div>\t\t\t<\/div>\n\t\t\t\t\t\t\t\t\t\t\t\t<div class=\"elementor-swiper-button elementor-swiper-button-prev\" role=\"button\" tabindex=\"0\">\n\t\t\t\t\t\t<i aria-hidden=\"true\" class=\"eicon-chevron-left\"><\/i>\t\t\t\t\t<\/div>\n\t\t\t\t\t<div class=\"elementor-swiper-button elementor-swiper-button-next\" role=\"button\" tabindex=\"0\">\n\t\t\t\t\t\t<i aria-hidden=\"true\" class=\"eicon-chevron-right\"><\/i>\t\t\t\t\t<\/div>\n\t\t\t\t\n\t\t\t\t\t\t\t\t\t<div class=\"swiper-pagination\"><\/div>\n\t\t\t\t\t\t\t\t\t<\/div>\n\t\t\t\t\t\t<\/div>\n\t\t\t\t<\/div>\n\t\t\t\t<div class=\"elementor-element elementor-element-2f47dc8 elementor-widget elementor-widget-html\" data-id=\"2f47dc8\" data-element_type=\"widget\" data-e-type=\"widget\" data-widget_type=\"html.default\">\n\t\t\t\t<div class=\"elementor-widget-container\">\n\t\t\t\t\t<!-- Reviews tag -->\r\n<div id=\"webia_reviews_all\"><\/div>\r\n\r\n<!-- Reviews loader. Insert in footer. -->\r\n<script type=\"text\/javascript\">\r\n(function(w,d,t,u,f,k,a){w[f]=w[f]||function(){(w[f].a=w[f].a||[]).push(arguments)};\r\nk=d.createElement(t),a=d.getElementsByTagName(t)[0],k.async=1,k.src=u,a.parentNode.insertBefore(k,a)})\r\n(window, document, \"script\", \"https:\/\/kalenteri.webia.fi\/static\/minjs\/all_houses_review_tag.js\", \"wahrt\");\r\nwahrt(\"e45b171e-0f9e-4edb-993f-5a411c9ff6b6\", {target: \"webia_reviews_all\"});\r\n<\/script>\t\t\t\t<\/div>\n\t\t\t\t<\/div>\n\t\t\t\t<div class=\"elementor-element elementor-element-01a9997 elementor-align-center elementor-widget elementor-widget-button\" data-id=\"01a9997\" data-element_type=\"widget\" data-e-type=\"widget\" data-widget_type=\"button.default\">\n\t\t\t\t<div class=\"elementor-widget-container\">\n\t\t\t\t\t\t\t\t\t<div class=\"elementor-button-wrapper\">\n\t\t\t\t\t<a class=\"elementor-button elementor-button-link elementor-size-sm\" href=\"https:\/\/www.facebook.com\/hotellimerikotka\">\n\t\t\t\t\t\t<span class=\"elementor-button-content-wrapper\">\n\t\t\t\t\t\t<span class=\"elementor-button-icon\">\n\t\t\t\t<i aria-hidden=\"true\" class=\"fab fa-facebook\"><\/i>\t\t\t<\/span>\n\t\t\t\t\t\t\t\t\t<span class=\"elementor-button-text\">Seuraa Facebookissa<\/span>\n\t\t\t\t\t<\/span>\n\t\t\t\t\t<\/a>\n\t\t\t\t<\/div>\n\t\t\t\t\t\t\t\t<\/div>\n\t\t\t\t<\/div>\n\t\t\t\t<div class=\"elementor-element elementor-element-f18d579 elementor-align-center elementor-widget elementor-widget-button\" data-id=\"f18d579\" data-element_type=\"widget\" data-e-type=\"widget\" data-widget_type=\"button.default\">\n\t\t\t\t<div class=\"elementor-widget-container\">\n\t\t\t\t\t\t\t\t\t<div class=\"elementor-button-wrapper\">\n\t\t\t\t\t<a class=\"elementor-button elementor-button-link elementor-size-sm\" href=\"https:\/\/www.instagram.com\/hotelli.merikotka\/\">\n\t\t\t\t\t\t<span class=\"elementor-button-content-wrapper\">\n\t\t\t\t\t\t<span class=\"elementor-button-icon\">\n\t\t\t\t<i aria-hidden=\"true\" class=\"fab fa-instagram\"><\/i>\t\t\t<\/span>\n\t\t\t\t\t\t\t\t\t<span class=\"elementor-button-text\">Seuraa Instagramissa<\/span>\n\t\t\t\t\t<\/span>\n\t\t\t\t\t<\/a>\n\t\t\t\t<\/div>\n\t\t\t\t\t\t\t\t<\/div>\n\t\t\t\t<\/div>\n\t\t\t\t\t<\/div>\n\t\t<\/div>\n\t\t\t\t\t<\/div>\n\t\t<\/section>\n\t\t\t\t<\/div>\n\t\t","protected":false},"excerpt":{"rendered":"<p>Hotelli Merikotka &#8211; Rauhallinen ja viihtyis\u00e4 kaupunkihotelli keskell\u00e4 Kotkaa Tervetuloa Hotelli Merikotkaan! Hotelli Merikotka sijaitsee yli 100 vuotta vanhassa tukkukaupantalossa ja tarjoaa kodikkaan ja persoonallisen majoitusvaihtoehdon Kotkaan matkustaville. Hotelli on perustettu entisiin Palski-diskon tiloihin ja sijaitsee Kotkan vanhassa kantasatamassa, vain 400 metrin p\u00e4\u00e4ss\u00e4 keskustan palveluista, kuten Kauppakeskus Pasaatista. Hotellissa on ilmainen WiFi ja kaapeli-TV huoneissa. &#8230; <a title=\"\u0413\u043e\u0441\u0442\u0438\u043d\u0438\u0446\u0430\" class=\"read-more\" href=\"https:\/\/www.hotellimerikotka.fi\/ru\/\" aria-label=\"\u041f\u0440\u043e\u0447\u0438\u0442\u0430\u0442\u044c \u0431\u043e\u043b\u044c\u0448\u0435 \u043e Hotelli\">Read more<\/a><\/p>","protected":false},"author":1,"featured_media":0,"parent":0,"menu_order":0,"comment_status":"closed","ping_status":"closed","template":"elementor_header_footer","meta":{"generate_page_header":"","footnotes":""},"class_list":["post-9","page","type-page","status-publish"],"_links":{"self":[{"href":"https:\/\/www.hotellimerikotka.fi\/ru\/wp-json\/wp\/v2\/pages\/9","targetHints":{"allow":["GET"]}}],"collection":[{"href":"https:\/\/www.hotellimerikotka.fi\/ru\/wp-json\/wp\/v2\/pages"}],"about":[{"href":"https:\/\/www.hotellimerikotka.fi\/ru\/wp-json\/wp\/v2\/types\/page"}],"author":[{"embeddable":true,"href":"https:\/\/www.hotellimerikotka.fi\/ru\/wp-json\/wp\/v2\/users\/1"}],"replies":[{"embeddable":true,"href":"https:\/\/www.hotellimerikotka.fi\/ru\/wp-json\/wp\/v2\/comments?post=9"}],"version-history":[{"count":187,"href":"https:\/\/www.hotellimerikotka.fi\/ru\/wp-json\/wp\/v2\/pages\/9\/revisions"}],"predecessor-version":[{"id":1100,"href":"https:\/\/www.hotellimerikotka.fi\/ru\/wp-json\/wp\/v2\/pages\/9\/revisions\/1100"}],"wp:attachment":[{"href":"https:\/\/www.hotellimerikotka.fi\/ru\/wp-json\/wp\/v2\/media?parent=9"}],"curies":[{"name":"wp","href":"https:\/\/api.w.org\/{rel}","templated":true}]}}